{"id":619,"date":"2021-03-13T19:50:00","date_gmt":"2021-03-13T22:50:00","guid":{"rendered":"https:\/\/filipeiorio.com.br\/lp\/?page_id=619"},"modified":"2023-11-06T14:50:21","modified_gmt":"2023-11-06T17:50:21","slug":"pagina-operacao-leitura-destrava","status":"publish","type":"page","link":"https:\/\/filipeiorio.com.br\/lp\/pagina-operacao-leitura-destrava\/","title":{"rendered":"Opera\u00e7\u00e3o Leitura Destrava"},"content":{"rendered":"\t\t<div data-elementor-type=\"wp-page\" data-elementor-id=\"619\" class=\"elementor elementor-619\" data-elementor-settings=\"[]\">\n\t\t\t\t\t\t<div class=\"elementor-inner\">\n\t\t\t\t\t\t\t<div class=\"elementor-section-wrap\">\n\t\t\t\t\t\t\t<section class=\"elementor-section elementor-top-section elementor-element elementor-element-9b83888 elementor-section-boxed elementor-section-height-default elementor-section-height-default\" data-id=\"9b83888\" data-element_type=\"section\" data-settings=\"{&quot;background_background&quot;:&quot;classic&quot;}\">\n\t\t\t\t\t\t<div class=\"elementor-container elementor-column-gap-default\">\n\t\t\t\t\t\t\t<div class=\"elementor-row\">\n\t\t\t\t\t<div class=\"elementor-column elementor-col-100 elementor-top-column elementor-element elementor-element-d5fce64\" data-id=\"d5fce64\" data-element_type=\"column\">\n\t\t\t<div class=\"elementor-column-wrap elementor-element-populated\">\n\t\t\t\t\t\t\t<div class=\"elementor-widget-wrap\">\n\t\t\t\t\t\t<div class=\"elementor-element elementor-element-a992f8c elementor-widget elementor-widget-image\" data-id=\"a992f8c\" data-element_type=\"widget\" data-widget_type=\"image.default\">\n\t\t\t\t<div class=\"elementor-widget-container\">\n\t\t\t\t\t\t\t\t<div class=\"elementor-image\">\n\t\t\t\t\t\t\t\t\t\t\t\t<img src=\"https:\/\/filipeiorio.com.br\/lp\/wp-content\/uploads\/2021\/03\/livro-icone.png\" title=\"livro-icone\" alt=\"livro-icone\" \/>\t\t\t\t\t\t\t\t\t\t\t\t\t\t<\/div>\n\t\t\t\t\t\t<\/div>\n\t\t\t\t<\/div>\n\t\t\t\t<div class=\"elementor-element elementor-element-d8ad40d elementor-headline--style-highlight elementor-widget elementor-widget-animated-headline\" data-id=\"d8ad40d\" data-element_type=\"widget\" data-settings=\"{&quot;marker&quot;:&quot;underline&quot;,&quot;highlighted_text&quot;:&quot;LEITURA&quot;,&quot;headline_style&quot;:&quot;highlight&quot;,&quot;loop&quot;:&quot;yes&quot;,&quot;highlight_animation_duration&quot;:1200,&quot;highlight_iteration_delay&quot;:8000}\" data-widget_type=\"animated-headline.default\">\n\t\t\t\t<div class=\"elementor-widget-container\">\n\t\t\t\t\t<h2 class=\"elementor-headline\">\n\t\t\t\t\t<span class=\"elementor-headline-plain-text elementor-headline-text-wrapper\">OPERA\u00c7\u00c3O<\/span>\n\t\t\t\t<span class=\"elementor-headline-dynamic-wrapper elementor-headline-text-wrapper\">\n\t\t\t\t\t<span class=\"elementor-headline-dynamic-text elementor-headline-text-active\">LEITURA<\/span>\n\t\t\t\t<\/span>\n\t\t\t\t\t<span class=\"elementor-headline-plain-text elementor-headline-text-wrapper\">DESTRAVA<\/span>\n\t\t\t\t\t<\/h2>\n\t\t\t\t<\/div>\n\t\t\t\t<\/div>\n\t\t\t\t<div class=\"elementor-element elementor-element-3b1de93 elementor-widget elementor-widget-heading\" data-id=\"3b1de93\" data-element_type=\"widget\" data-widget_type=\"heading.default\">\n\t\t\t\t<div class=\"elementor-widget-container\">\n\t\t\t<h1 class=\"elementor-heading-title elementor-size-default\">FERRAMENTAS E ESTRAT\u00c9GIAS <span style=\"font-weight: normal;\">PARA<\/span> <u style=\"font-weight: normal;\">DESTRAVAR<\/u> <span style=\"font-weight: normal;\">O PODER DA LEITURA DO C\u00c9REBRO E <\/span>LER QUALQUER LIVRO<span style=\"font-weight: normal;\"> OU MATERIAL<\/span><\/h1>\t\t<\/div>\n\t\t\t\t<\/div>\n\t\t\t\t<div class=\"elementor-element elementor-element-000a160 elementor-widget elementor-widget-heading\" data-id=\"000a160\" data-element_type=\"widget\" data-widget_type=\"heading.default\">\n\t\t\t\t<div class=\"elementor-widget-container\">\n\t\t\t<h2 class=\"elementor-heading-title elementor-size-default\"><i>D\u00ea o primeiro passo para <span style=\"color:#FFC000;\">dominar a ci\u00eancia da leitura<\/span> e gerar mais concentra\u00e7\u00e3o, reten\u00e7\u00e3o e velocidade em suas leituras.<\/i><\/h2>\t\t<\/div>\n\t\t\t\t<\/div>\n\t\t\t\t\t\t<\/div>\n\t\t\t\t\t<\/div>\n\t\t<\/div>\n\t\t\t\t\t\t\t\t<\/div>\n\t\t\t\t\t<\/div>\n\t\t<\/section>\n\t\t\t\t<section class=\"elementor-section elementor-top-section elementor-element elementor-element-3ef2f9b elementor-section-boxed elementor-section-height-default elementor-section-height-default\" data-id=\"3ef2f9b\" data-element_type=\"section\" data-settings=\"{&quot;background_background&quot;:&quot;classic&quot;}\">\n\t\t\t\t\t\t<div class=\"elementor-container elementor-column-gap-default\">\n\t\t\t\t\t\t\t<div class=\"elementor-row\">\n\t\t\t\t\t<div class=\"elementor-column elementor-col-100 elementor-top-column elementor-element elementor-element-0a9ab42\" data-id=\"0a9ab42\" data-element_type=\"column\">\n\t\t\t<div class=\"elementor-column-wrap elementor-element-populated\">\n\t\t\t\t\t\t\t<div class=\"elementor-widget-wrap\">\n\t\t\t\t\t\t<div class=\"elementor-element elementor-element-4669864 elementor-widget elementor-widget-text-editor\" data-id=\"4669864\" data-element_type=\"widget\" data-widget_type=\"text-editor.default\">\n\t\t\t\t<div class=\"elementor-widget-container\">\n\t\t\t\t\t\t\t\t<div class=\"elementor-text-editor elementor-clearfix\">\n\t\t\t\t<p>Caro leitor,<\/p>\n<p>Aqui \u00e9 o Prof. Filipe Iorio e hoje eu quero ter uma conversa s\u00e9ria e importante sobre a sua principal ferramenta, <b>o seu c\u00e9rebro<\/b>.<\/p>\n<p>Na verdade, o que eu vou te explicar agora impacta, n\u00e3o s\u00f3 sua leitura, mas a sua vida de um modo geral. Estou falando da sua produtividade, do seu sucesso profissional, de suas conquistas, da sua sa\u00fade, etc.<\/p>\n<p>A lista \u00e9 enorme.<\/p>\n<p>Mas vamos por partes, eu quero come\u00e7ar falando sobre quantos aprendizados e conhecimentos que simplesmente voc\u00ea n\u00e3o aproveitou, porque o <b>seu c\u00e9rebro n\u00e3o estava treinado e preparado para o &#8220;modo leitor produtivo&#8221;.<\/b><\/p>\n<p>Quantas leituras para o seu desenvolvimento pessoal, quantos novos conhecimento para aplicar sem seu trabalho ou em algum momento importante de sua vida, voc\u00ea n\u00e3o teve acesso, despedi\u00e7ou, <u>por n\u00e3o ter treinado o seu c\u00e9rebro para focar naquele momento<\/u>.<\/p>\n<p>Deixa eu te explicar isso em detalhes.<\/p>\n<p>Algumas vezes na sua vida vida, voc\u00ea at\u00e9 tinha planejado fazer uma leitura importante, estudar algo novo, mas ai naquele momento, voc\u00ea disse:<\/p>\n<p><i>Hoje eu estou muito cansado, mere\u00e7o aproveitar a vida, depois eu leio.<\/i><\/p>\n<p><i>Estou sem tempo para isso agora.<\/i><\/p>\n<p><i>Hoje n\u00e3o estou em um bom dia, e<span style=\"font-size: inherit; text-align: inherit; letter-spacing: -0.015em;\">stou sem &#8220;cabe\u00e7a&#8221; para ler e estudar.<\/span><\/i><\/p>\n<p><span style=\"font-size: inherit; text-align: inherit; letter-spacing: -0.015em;\">Quantas vezes voc\u00ea agiu da forma que n\u00e3o gostaria, depois se arrependeu e ficou com aquele peso na consci\u00eancia?<\/span><\/p>\n<p><span style=\"font-size: inherit; text-align: inherit; letter-spacing: -0.015em;\">Eu quero que reflita sobre isso, <b>qual o peso que est\u00e1 hoje em sua mente?<\/b><\/span><\/p>\n<p><span style=\"font-size: inherit; text-align: inherit; letter-spacing: -0.015em;\">Voc\u00ea sente que a procrastina\u00e7\u00e3o aparece s\u00f3 de pensar em abrir um livro ou qualquer outro material para ler?<\/span><\/p>\n<p><span style=\"font-size: inherit; text-align: inherit; letter-spacing: -0.015em;\">Se sente culpado por muitas pessoas conseguirem ler os livros que voc\u00ea gostaria (ou que est\u00e3o em sua estante), mas n\u00e3o consegue?<\/span><\/p>\n<p><span style=\"font-size: inherit; text-align: inherit; letter-spacing: -0.015em;\">Essas s\u00e3o algumas das perguntas, que eu chamo de &#8220;<u>teste do c\u00e9rebro leitor<\/u>&#8220;.<\/span><\/p>\n<p><span style=\"font-size: inherit; letter-spacing: -0.015em; text-align: inherit;\">C\u00e9rebro leitor, Filipe?<\/span><\/p>\n<p><span style=\"font-size: inherit; letter-spacing: -0.015em; text-align: inherit;\">Sim, veja a imagem abaixo.<\/span><\/p>\n<p><img class=\"aligncenter\" src=\"https:\/\/filipeiorio.com.br\/lp\/wp-content\/uploads\/2021\/03\/cerebro-leitor.png\" alt=\"\" width=\"600\" height=\"418\"><\/p>\n<p>Essa imagem representa uma vis\u00e3o dos <b>processos neurais que ocorrem no c\u00e9rebro de um leitor<\/b>. Ela faz parte dos estudos do neuroci\u00eancista franc\u00eas, Stanislas Dehaele. Inclusive, um de seus livros, recebeu o pr\u00eamio de melhor livro cient\u00edfico do ano, segundo o Washington Post.<\/p>\n<p><span style=\"font-size: inherit; text-align: inherit; letter-spacing: -0.015em;\">Essa representa\u00e7\u00e3o, \u00e9 somente uma parte do complexo processamento do c\u00e9rebro quando geramos foco, lemos e memorizamos.<\/span><\/p>\n<p>Mas, por enquanto, <u>uma coisa importante<\/u> que voc\u00ea precisa entender, \u00e9:<\/p>\n<h4><b>A leitura produtiva \u00e9 um processo.<\/b><\/h4>\n<p>Um processo com cada etapa em seu momento correto.<\/p>\n<p>Quando n\u00e3o utilizamos um processo para gerar foco, qualidade da leitura e memoriza\u00e7\u00e3o do conte\u00fado, o <u>c\u00e9rebro fica \u00e0 deriva<\/u>, tentando descobrir o que \u00e9 importante, ou n\u00e3o, na leitura.<\/p>\n<p>Em outras palavras:<\/p>\n<p><i><b>A <\/b><b>leitura come\u00e7a muito antes de abrir a primeira p\u00e1gina e termina muito tempo depois de fechar a \u00faltima p\u00e1gina<\/b>.<\/i><\/p>\n<p>Voc\u00ea j\u00e1 deve ter percebido&#8230;<\/p>\n<p>Em algum momento que tentou fazer uma leitura, parecia que o c\u00e9rebro estava indo em dire\u00e7\u00e3o oposta, ou seja, n\u00e3o estava querendo ter o foco que voc\u00ea gostaria, n\u00e3o estava tendo a aten\u00e7\u00e3o necess\u00e1ria que voc\u00ea gostaria.<\/p>\n<p>Voc\u00ea queria ler, mas seu c\u00e9rebro n\u00e3o.<\/p>\n<p>Meu objetivo agora, n\u00e3o \u00e9 entrar na parte cient\u00edfica das \u00e1reas do c\u00e9rebro, pois \u00e9 algo que precisar\u00edamos de horas (ou at\u00e9 dias) para explicar em detalhes.<\/p>\n<h4><b>O Grande Inimigo<\/b><\/h4>\n<p>A minha meta \u00e9 dizer para voc\u00ea que o <b>grande inimigo<\/b> de quem n\u00e3o consegue ler e estudar da maneira que gostaria, \u00e9 a <u>falta de processo<\/u>.<\/p>\n<p>E essa falta de processo, impacta tudo na sua vida, desde a leitura de um simples livro, um estudo mais complexo e at\u00e9 mesmo em sua vida profissional.<\/p>\n<p>Existe um conceito, que cada vez vem ganhando mais for\u00e7a, que \u00e9 o <b>lifelong learning<\/b>. Em portugu\u00eas, seria algo como &#8220;<u>aprender por toda a vida<\/u>&#8220;.<\/p>\n<p>Mas na pr\u00e1tica, sabe o que significa?<\/p>\n<p>Que nos dias atuais (e futuros) as pessoas que conseguirem adquirir conhecimento de forma mais r\u00e1pida e com mais qualidade, ter\u00e3o destaque.<\/p>\n<p>Enquanto, quem ficar patinando em suas leituras e aprendizado, ficar\u00e1 para tr\u00e1s.<\/p>\n<p>Parece um pouco duro, mas \u00e9 a realidade que estamos vivendo.<\/p>\n<p>Cada vez mais a tecnologia toma conta de postos de trabalho, sem falar da Intelig\u00eancia Artificial, que cada vez mais, vem se desenvolvendo.<\/p>\n<p>J\u00e1 existem estudos sendo feitos, como o estudo da consultoria PwC, que mostra profiss\u00f5es que deixar\u00e3o de existir at\u00e9 2030, algumas delas s\u00e3o: Piloto de avi\u00e3o, assistente jur\u00eddico, corretor de seguro, analista de investimentos, dentre muitas outras.<\/p>\n<p>Aqui entra ent\u00e3o a import\u00e2ncia do aprendizado cont\u00ednuo por toda a vida.<\/p>\n<p><b>Multiprofiss\u00f5es por toda a vida<\/b><\/p>\n<p>Antigamente, uma pessoa terminava a escola, entrava na faculdade, se formava e procurava um bom emprego. Era comum que trabalhasse naquela carreira at\u00e9 sua aposentadoria.<\/p>\n<p>Hoje, cada vez \u00e9 mais comum, uma mesma pessoa ter v\u00e1rias profiss\u00f5es ao longo da vida.<\/p>\n<p>Aqui voltamos sobre a import\u00e2ncia de aprender coisas novas, estar aberto para leituras e aprendizados que ir\u00e3o fazer voc\u00ea crescer, tanto na vida pessoal, como na vida profissional.<\/p>\n<p>Mas&#8230;<\/p>\n<p>A boa not\u00edcia \u00e9 que existe uma maneria extramemtne poderosa e eficiente para resolver isso, e voc\u00ea ter um processo claro e pr\u00e1tico.<\/p>\n<h4>Voc\u00ea Precisa&nbsp;Ativar o C\u00e9rebro Leitor<\/h4>\n<p><\/p>\n<p>\u00c9 muito mais somente t\u00e9cnicas para ler melhor, \u00e9 algo mais poderoso.<\/p>\n<p>Costumo dizer, que \u00e9 um<b> estilo de vida de aprendizagem cont\u00ednua<\/b> com qualidade.<\/p>\n<p>Estou falando do dom\u00ednio de um processo que, ir\u00e1 instalar novos conhecimentos em seu c\u00e9rebro para voc\u00ea utilizar da maneira que quiser.<\/p>\n<p>Ao final de cada leitura, de cada estudo, voc\u00ea se sentir\u00e1 com dever cumprido, confiante, motivado e principalmente, no controle dos seus pensamentos, emo\u00e7\u00f5es e a\u00e7\u00f5es.<\/p>\n<p>Aqueles pensamentos e emo\u00e7\u00f5es que faziam voc\u00ea procrastinar e n\u00e3o deixavam ler e estudar da maneira que gostaria?<\/p>\n<p>Voc\u00ea estar\u00e1 preparado para, simplesmente, eliminar e tomar o controle do seu c\u00e9rebro da melhor forma poss\u00edvel.<\/p>\n<p>Est\u00e1 pronto para isso?<\/p>\n<p>A boa not\u00edcia, \u00e9 que o c\u00e9rebro precisa de intensidade e const\u00e2ncia.<\/p>\n<p>Por isso, voc\u00ea vai precisar de apenas <u>15 minutos por dia.<\/u>&nbsp;<\/p><p>S\u00f3 15 minutos, Filipe?<\/p><p>Sim, pois para o c\u00e9rebro, a <u>const\u00e2ncia<\/u> \u00e9 muito importante.<\/p><p>Como dizia o saudoso Prof. Pier: <i>&#8220;Estude pouco, mas estude todo dia&#8221;.<\/i><\/p><p>Assim, voc\u00ea ir\u00e1 condicionar seu c\u00e9rebro para atingir o &#8220;<b>modo leitor<\/b>&#8220;.<\/p>\n<p><\/p>\t\t\t\t\t<\/div>\n\t\t\t\t\t\t<\/div>\n\t\t\t\t<\/div>\n\t\t\t\t\t\t<\/div>\n\t\t\t\t\t<\/div>\n\t\t<\/div>\n\t\t\t\t\t\t\t\t<\/div>\n\t\t\t\t\t<\/div>\n\t\t<\/section>\n\t\t\t\t\t\t<\/div>\n\t\t\t\t\t\t<\/div>\n\t\t\t\t\t<\/div>\n\t\t","protected":false},"excerpt":{"rendered":"<p>OPERA\u00c7\u00c3O LEITURA DESTRAVA FERRAMENTAS E ESTRAT\u00c9GIAS PARA DESTRAVAR O PODER DA LEITURA DO C\u00c9REBRO E LER QUALQUER LIVRO OU MATERIAL D\u00ea o primeiro passo para dominar a ci\u00eancia da leitura e gerar mais concentra\u00e7\u00e3o, reten\u00e7\u00e3o e velocidade em suas leituras. Caro leitor, Aqui \u00e9 o Prof. Filipe Iorio e hoje eu quero ter uma conversa [&hellip;]<\/p>\n","protected":false},"author":1,"featured_media":0,"parent":0,"menu_order":500,"comment_status":"closed","ping_status":"closed","template":"elementor_canvas","meta":[],"yoast_head":"<!-- This site is optimized with the Yoast SEO plugin v17.8 - https:\/\/yoast.com\/wordpress\/plugins\/seo\/ -->\n<title>Opera\u00e7\u00e3o Leitura Destrava - www.filipeiorio.com.br<\/title>\n<meta name=\"robots\" content=\"index, follow, max-snippet:-1, max-image-preview:large, max-video-preview:-1\" \/>\n<link rel=\"canonical\" href=\"https:\/\/filipeiorio.com.br\/lp\/pagina-operacao-leitura-destrava\/\" \/>\n<meta property=\"og:locale\" content=\"pt_BR\" \/>\n<meta property=\"og:type\" content=\"article\" \/>\n<meta property=\"og:title\" content=\"Opera\u00e7\u00e3o Leitura Destrava - www.filipeiorio.com.br\" \/>\n<meta property=\"og:description\" content=\"OPERA\u00c7\u00c3O LEITURA DESTRAVA FERRAMENTAS E ESTRAT\u00c9GIAS PARA DESTRAVAR O PODER DA LEITURA DO C\u00c9REBRO E LER QUALQUER LIVRO OU MATERIAL D\u00ea o primeiro passo para dominar a ci\u00eancia da leitura e gerar mais concentra\u00e7\u00e3o, reten\u00e7\u00e3o e velocidade em suas leituras. Caro leitor, Aqui \u00e9 o Prof. Filipe Iorio e hoje eu quero ter uma conversa [&hellip;]\" \/>\n<meta property=\"og:url\" content=\"https:\/\/filipeiorio.com.br\/lp\/pagina-operacao-leitura-destrava\/\" \/>\n<meta property=\"og:site_name\" content=\"www.filipeiorio.com.br\" \/>\n<meta property=\"article:modified_time\" content=\"2023-11-06T17:50:21+00:00\" \/>\n<meta property=\"og:image\" content=\"https:\/\/filipeiorio.com.br\/lp\/wp-content\/uploads\/2021\/03\/livro-icone.png\" \/>\n<meta name=\"twitter:card\" content=\"summary_large_image\" \/>\n<meta name=\"twitter:label1\" content=\"Est. tempo de leitura\" \/>\n\t<meta name=\"twitter:data1\" content=\"7 minutos\" \/>\n<script type=\"application\/ld+json\" class=\"yoast-schema-graph\">{\"@context\":\"https:\/\/schema.org\",\"@graph\":[{\"@type\":\"WebSite\",\"@id\":\"https:\/\/filipeiorio.com.br\/lp\/#website\",\"url\":\"https:\/\/filipeiorio.com.br\/lp\/\",\"name\":\"www.filipeiorio.com.br\",\"description\":\"Just another WordPress site\",\"potentialAction\":[{\"@type\":\"SearchAction\",\"target\":{\"@type\":\"EntryPoint\",\"urlTemplate\":\"https:\/\/filipeiorio.com.br\/lp\/?s={search_term_string}\"},\"query-input\":\"required name=search_term_string\"}],\"inLanguage\":\"pt-BR\"},{\"@type\":\"ImageObject\",\"@id\":\"https:\/\/filipeiorio.com.br\/lp\/pagina-operacao-leitura-destrava\/#primaryimage\",\"inLanguage\":\"pt-BR\",\"url\":\"https:\/\/filipeiorio.com.br\/lp\/wp-content\/uploads\/2021\/03\/livro-icone.png\",\"contentUrl\":\"https:\/\/filipeiorio.com.br\/lp\/wp-content\/uploads\/2021\/03\/livro-icone.png\",\"width\":137,\"height\":117},{\"@type\":\"WebPage\",\"@id\":\"https:\/\/filipeiorio.com.br\/lp\/pagina-operacao-leitura-destrava\/#webpage\",\"url\":\"https:\/\/filipeiorio.com.br\/lp\/pagina-operacao-leitura-destrava\/\",\"name\":\"Opera\\u00e7\\u00e3o Leitura Destrava - www.filipeiorio.com.br\",\"isPartOf\":{\"@id\":\"https:\/\/filipeiorio.com.br\/lp\/#website\"},\"primaryImageOfPage\":{\"@id\":\"https:\/\/filipeiorio.com.br\/lp\/pagina-operacao-leitura-destrava\/#primaryimage\"},\"datePublished\":\"2021-03-13T22:50:00+00:00\",\"dateModified\":\"2023-11-06T17:50:21+00:00\",\"breadcrumb\":{\"@id\":\"https:\/\/filipeiorio.com.br\/lp\/pagina-operacao-leitura-destrava\/#breadcrumb\"},\"inLanguage\":\"pt-BR\",\"potentialAction\":[{\"@type\":\"ReadAction\",\"target\":[\"https:\/\/filipeiorio.com.br\/lp\/pagina-operacao-leitura-destrava\/\"]}]},{\"@type\":\"BreadcrumbList\",\"@id\":\"https:\/\/filipeiorio.com.br\/lp\/pagina-operacao-leitura-destrava\/#breadcrumb\",\"itemListElement\":[{\"@type\":\"ListItem\",\"position\":1,\"name\":\"In\\u00edcio\",\"item\":\"https:\/\/filipeiorio.com.br\/lp\/\"},{\"@type\":\"ListItem\",\"position\":2,\"name\":\"Opera\\u00e7\\u00e3o Leitura Destrava\"}]}]}<\/script>\n<!-- \/ Yoast SEO plugin. -->","yoast_head_json":{"title":"Opera\u00e7\u00e3o Leitura Destrava - www.filipeiorio.com.br","robots":{"index":"index","follow":"follow","max-snippet":"max-snippet:-1","max-image-preview":"max-image-preview:large","max-video-preview":"max-video-preview:-1"},"canonical":"https:\/\/filipeiorio.com.br\/lp\/pagina-operacao-leitura-destrava\/","og_locale":"pt_BR","og_type":"article","og_title":"Opera\u00e7\u00e3o Leitura Destrava - www.filipeiorio.com.br","og_description":"OPERA\u00c7\u00c3O LEITURA DESTRAVA FERRAMENTAS E ESTRAT\u00c9GIAS PARA DESTRAVAR O PODER DA LEITURA DO C\u00c9REBRO E LER QUALQUER LIVRO OU MATERIAL D\u00ea o primeiro passo para dominar a ci\u00eancia da leitura e gerar mais concentra\u00e7\u00e3o, reten\u00e7\u00e3o e velocidade em suas leituras. Caro leitor, Aqui \u00e9 o Prof. Filipe Iorio e hoje eu quero ter uma conversa [&hellip;]","og_url":"https:\/\/filipeiorio.com.br\/lp\/pagina-operacao-leitura-destrava\/","og_site_name":"www.filipeiorio.com.br","article_modified_time":"2023-11-06T17:50:21+00:00","og_image":[{"url":"https:\/\/filipeiorio.com.br\/lp\/wp-content\/uploads\/2021\/03\/livro-icone.png"}],"twitter_card":"summary_large_image","twitter_misc":{"Est. tempo de leitura":"7 minutos"},"schema":{"@context":"https:\/\/schema.org","@graph":[{"@type":"WebSite","@id":"https:\/\/filipeiorio.com.br\/lp\/#website","url":"https:\/\/filipeiorio.com.br\/lp\/","name":"www.filipeiorio.com.br","description":"Just another WordPress site","potentialAction":[{"@type":"SearchAction","target":{"@type":"EntryPoint","urlTemplate":"https:\/\/filipeiorio.com.br\/lp\/?s={search_term_string}"},"query-input":"required name=search_term_string"}],"inLanguage":"pt-BR"},{"@type":"ImageObject","@id":"https:\/\/filipeiorio.com.br\/lp\/pagina-operacao-leitura-destrava\/#primaryimage","inLanguage":"pt-BR","url":"https:\/\/filipeiorio.com.br\/lp\/wp-content\/uploads\/2021\/03\/livro-icone.png","contentUrl":"https:\/\/filipeiorio.com.br\/lp\/wp-content\/uploads\/2021\/03\/livro-icone.png","width":137,"height":117},{"@type":"WebPage","@id":"https:\/\/filipeiorio.com.br\/lp\/pagina-operacao-leitura-destrava\/#webpage","url":"https:\/\/filipeiorio.com.br\/lp\/pagina-operacao-leitura-destrava\/","name":"Opera\u00e7\u00e3o Leitura Destrava - www.filipeiorio.com.br","isPartOf":{"@id":"https:\/\/filipeiorio.com.br\/lp\/#website"},"primaryImageOfPage":{"@id":"https:\/\/filipeiorio.com.br\/lp\/pagina-operacao-leitura-destrava\/#primaryimage"},"datePublished":"2021-03-13T22:50:00+00:00","dateModified":"2023-11-06T17:50:21+00:00","breadcrumb":{"@id":"https:\/\/filipeiorio.com.br\/lp\/pagina-operacao-leitura-destrava\/#breadcrumb"},"inLanguage":"pt-BR","potentialAction":[{"@type":"ReadAction","target":["https:\/\/filipeiorio.com.br\/lp\/pagina-operacao-leitura-destrava\/"]}]},{"@type":"BreadcrumbList","@id":"https:\/\/filipeiorio.com.br\/lp\/pagina-operacao-leitura-destrava\/#breadcrumb","itemListElement":[{"@type":"ListItem","position":1,"name":"In\u00edcio","item":"https:\/\/filipeiorio.com.br\/lp\/"},{"@type":"ListItem","position":2,"name":"Opera\u00e7\u00e3o Leitura Destrava"}]}]}},"_links":{"self":[{"href":"https:\/\/filipeiorio.com.br\/lp\/wp-json\/wp\/v2\/pages\/619"}],"collection":[{"href":"https:\/\/filipeiorio.com.br\/lp\/wp-json\/wp\/v2\/pages"}],"about":[{"href":"https:\/\/filipeiorio.com.br\/lp\/wp-json\/wp\/v2\/types\/page"}],"author":[{"embeddable":true,"href":"https:\/\/filipeiorio.com.br\/lp\/wp-json\/wp\/v2\/users\/1"}],"replies":[{"embeddable":true,"href":"https:\/\/filipeiorio.com.br\/lp\/wp-json\/wp\/v2\/comments?post=619"}],"version-history":[{"count":163,"href":"https:\/\/filipeiorio.com.br\/lp\/wp-json\/wp\/v2\/pages\/619\/revisions"}],"predecessor-version":[{"id":11972,"href":"https:\/\/filipeiorio.com.br\/lp\/wp-json\/wp\/v2\/pages\/619\/revisions\/11972"}],"wp:attachment":[{"href":"https:\/\/filipeiorio.com.br\/lp\/wp-json\/wp\/v2\/media?parent=619"}],"curies":[{"name":"wp","href":"https:\/\/api.w.org\/{rel}","templated":true}]}}