{"id":304,"date":"2021-01-28T18:35:15","date_gmt":"2021-01-28T21:35:15","guid":{"rendered":"https:\/\/filipeiorio.com.br\/lp\/?page_id=304"},"modified":"2021-08-01T14:03:31","modified_gmt":"2021-08-01T17:03:31","slug":"video-memorize-tudo-que-ler-e-estudar","status":"publish","type":"page","link":"https:\/\/filipeiorio.com.br\/lp\/video-memorize-tudo-que-ler-e-estudar\/","title":{"rendered":"V\u00eddeo &#8211; Memorize tudo que ler e estudar"},"content":{"rendered":"\t\t<div data-elementor-type=\"wp-page\" data-elementor-id=\"304\" class=\"elementor elementor-304\" data-elementor-settings=\"[]\">\n\t\t\t\t\t\t<div class=\"elementor-inner\">\n\t\t\t\t\t\t\t<div class=\"elementor-section-wrap\">\n\t\t\t\t\t\t\t<section class=\"elementor-section elementor-top-section elementor-element elementor-element-3964f8ea elementor-section-boxed elementor-section-height-default elementor-section-height-default\" data-id=\"3964f8ea\" data-element_type=\"section\" data-settings=\"{&quot;background_background&quot;:&quot;classic&quot;,&quot;background_motion_fx_motion_fx_scrolling&quot;:&quot;yes&quot;,&quot;background_motion_fx_devices&quot;:[&quot;desktop&quot;,&quot;tablet&quot;,&quot;mobile&quot;]}\">\n\t\t\t\t\t\t<div class=\"elementor-container elementor-column-gap-no\">\n\t\t\t\t\t\t\t<div class=\"elementor-row\">\n\t\t\t\t\t<div class=\"elementor-column elementor-col-100 elementor-top-column elementor-element elementor-element-69a1a770\" data-id=\"69a1a770\" data-element_type=\"column\">\n\t\t\t<div class=\"elementor-column-wrap elementor-element-populated\">\n\t\t\t\t\t\t\t<div class=\"elementor-widget-wrap\">\n\t\t\t\t\t\t<div class=\"elementor-element elementor-element-23ad78bb elementor-widget elementor-widget-heading\" data-id=\"23ad78bb\" data-element_type=\"widget\" data-widget_type=\"heading.default\">\n\t\t\t\t<div class=\"elementor-widget-container\">\n\t\t\t<h2 class=\"elementor-heading-title elementor-size-default\">Como Memorizar Tudo que Ler e Estudar<\/h2>\t\t<\/div>\n\t\t\t\t<\/div>\n\t\t\t\t<div class=\"elementor-element elementor-element-71e63bff elementor-aspect-ratio-169 elementor-widget elementor-widget-video\" data-id=\"71e63bff\" data-element_type=\"widget\" data-settings=\"{&quot;youtube_url&quot;:&quot;https:\\\/\\\/www.youtube.com\\\/watch?v=xdpdYS5Pft0&quot;,&quot;autoplay&quot;:&quot;yes&quot;,&quot;play_on_mobile&quot;:&quot;yes&quot;,&quot;_animation&quot;:&quot;none&quot;,&quot;video_type&quot;:&quot;youtube&quot;,&quot;controls&quot;:&quot;yes&quot;,&quot;aspect_ratio&quot;:&quot;169&quot;}\" data-widget_type=\"video.default\">\n\t\t\t\t<div class=\"elementor-widget-container\">\n\t\t\t\t\t<div class=\"elementor-wrapper elementor-fit-aspect-ratio elementor-open-inline\">\n\t\t\t<div class=\"elementor-video\"><\/div>\t\t<\/div>\n\t\t\t\t<\/div>\n\t\t\t\t<\/div>\n\t\t\t\t\t\t<\/div>\n\t\t\t\t\t<\/div>\n\t\t<\/div>\n\t\t\t\t\t\t\t\t<\/div>\n\t\t\t\t\t<\/div>\n\t\t<\/section>\n\t\t\t\t<section class=\"elementor-section elementor-top-section elementor-element elementor-element-1941a611 elementor-section-boxed elementor-section-height-default elementor-section-height-default\" data-id=\"1941a611\" data-element_type=\"section\" data-settings=\"{&quot;background_background&quot;:&quot;classic&quot;}\">\n\t\t\t\t\t\t<div class=\"elementor-container elementor-column-gap-default\">\n\t\t\t\t\t\t\t<div class=\"elementor-row\">\n\t\t\t\t\t<div class=\"elementor-column elementor-col-100 elementor-top-column elementor-element elementor-element-23347865\" data-id=\"23347865\" data-element_type=\"column\">\n\t\t\t<div class=\"elementor-column-wrap elementor-element-populated\">\n\t\t\t\t\t\t\t<div class=\"elementor-widget-wrap\">\n\t\t\t\t\t\t<div class=\"elementor-element elementor-element-1f5c5556 elementor-button-info elementor-align-center elementor-widget elementor-widget-button\" data-id=\"1f5c5556\" data-element_type=\"widget\" data-widget_type=\"button.default\">\n\t\t\t\t<div class=\"elementor-widget-container\">\n\t\t\t\t\t<div class=\"elementor-button-wrapper\">\n\t\t\t<a href=\"https:\/\/www.mapamental.org\/ebook-poder-mapas-mentais\/\" target=\"_blank\" class=\"elementor-button-link elementor-button elementor-size-sm\" role=\"button\">\n\t\t\t\t\t\t<span class=\"elementor-button-content-wrapper\">\n\t\t\t\t\t\t<span class=\"elementor-button-icon elementor-align-icon-left\">\n\t\t\t\t<i aria-hidden=\"true\" class=\"fas fa-cloud-download-alt\"><\/i>\t\t\t<\/span>\n\t\t\t\t\t\t<span class=\"elementor-button-text\">BAIXAR E-BOOK GRATUITO<\/span>\n\t\t<\/span>\n\t\t\t\t\t<\/a>\n\t\t<\/div>\n\t\t\t\t<\/div>\n\t\t\t\t<\/div>\n\t\t\t\t<div class=\"elementor-element elementor-element-3828abd elementor-button-info elementor-align-center elementor-widget elementor-widget-button\" data-id=\"3828abd\" data-element_type=\"widget\" data-widget_type=\"button.default\">\n\t\t\t\t<div class=\"elementor-widget-container\">\n\t\t\t\t\t<div class=\"elementor-button-wrapper\">\n\t\t\t<a href=\"https:\/\/www.metodomapamental.com.br\/?srvideo-memorize-ler-estudar\" target=\"_blank\" class=\"elementor-button-link elementor-button elementor-size-sm\" role=\"button\">\n\t\t\t\t\t\t<span class=\"elementor-button-content-wrapper\">\n\t\t\t\t\t\t<span class=\"elementor-button-icon elementor-align-icon-left\">\n\t\t\t\t<i aria-hidden=\"true\" class=\"fas fa-brain\"><\/i>\t\t\t<\/span>\n\t\t\t\t\t\t<span class=\"elementor-button-text\">CONHECER O CURSO MEMORIZA\u00c7\u00c3O COM MAPA MENTAL<\/span>\n\t\t<\/span>\n\t\t\t\t\t<\/a>\n\t\t<\/div>\n\t\t\t\t<\/div>\n\t\t\t\t<\/div>\n\t\t\t\t\t\t<\/div>\n\t\t\t\t\t<\/div>\n\t\t<\/div>\n\t\t\t\t\t\t\t\t<\/div>\n\t\t\t\t\t<\/div>\n\t\t<\/section>\n\t\t\t\t<section class=\"elementor-section elementor-top-section elementor-element elementor-element-44e5826e elementor-section-boxed elementor-section-height-default elementor-section-height-default\" data-id=\"44e5826e\" data-element_type=\"section\" data-settings=\"{&quot;background_background&quot;:&quot;classic&quot;}\">\n\t\t\t\t\t\t<div class=\"elementor-container elementor-column-gap-default\">\n\t\t\t\t\t\t\t<div class=\"elementor-row\">\n\t\t\t\t\t<div class=\"elementor-column elementor-col-33 elementor-top-column elementor-element elementor-element-29af09c0\" data-id=\"29af09c0\" data-element_type=\"column\">\n\t\t\t<div class=\"elementor-column-wrap elementor-element-populated\">\n\t\t\t\t\t\t\t<div class=\"elementor-widget-wrap\">\n\t\t\t\t\t\t<div class=\"elementor-element elementor-element-6d189ebf elementor-widget elementor-widget-image\" data-id=\"6d189ebf\" data-element_type=\"widget\" data-widget_type=\"image.default\">\n\t\t\t\t<div class=\"elementor-widget-container\">\n\t\t\t\t\t\t\t\t<div class=\"elementor-image\">\n\t\t\t\t\t\t\t\t\t\t\t\t<img width=\"350\" height=\"350\" src=\"https:\/\/filipeiorio.com.br\/lp\/wp-content\/uploads\/2021\/01\/foto-filipe.png\" class=\"attachment-large size-large\" alt=\"\" srcset=\"https:\/\/filipeiorio.com.br\/lp\/wp-content\/uploads\/2021\/01\/foto-filipe.png 350w, https:\/\/filipeiorio.com.br\/lp\/wp-content\/uploads\/2021\/01\/foto-filipe-300x300.png 300w, https:\/\/filipeiorio.com.br\/lp\/wp-content\/uploads\/2021\/01\/foto-filipe-150x150.png 150w\" sizes=\"(max-width: 350px) 100vw, 350px\" \/>\t\t\t\t\t\t\t\t\t\t\t\t\t\t<\/div>\n\t\t\t\t\t\t<\/div>\n\t\t\t\t<\/div>\n\t\t\t\t\t\t<\/div>\n\t\t\t\t\t<\/div>\n\t\t<\/div>\n\t\t\t\t<div class=\"elementor-column elementor-col-66 elementor-top-column elementor-element elementor-element-240f2124\" data-id=\"240f2124\" data-element_type=\"column\">\n\t\t\t<div class=\"elementor-column-wrap elementor-element-populated\">\n\t\t\t\t\t\t\t<div class=\"elementor-widget-wrap\">\n\t\t\t\t\t\t<div class=\"elementor-element elementor-element-18ad8ec8 elementor-widget elementor-widget-text-editor\" data-id=\"18ad8ec8\" data-element_type=\"widget\" data-widget_type=\"text-editor.default\">\n\t\t\t\t<div class=\"elementor-widget-container\">\n\t\t\t\t\t\t\t\t<div class=\"elementor-text-editor elementor-clearfix\">\n\t\t\t\t<p><span style=\"text-align: inherit;\"><b>Prof. Filipe Iorio<\/b><\/span><\/p>\n<p><span style=\"font-size: inherit; text-align: inherit; letter-spacing: -0.015em;\">Fundador do MapaMental.org e Especialista em Aprendizagem e Produtividade.<\/span><br><\/p>\n<p><span style=\"font-size: inherit; text-align: inherit; letter-spacing: -0.015em;\">Com meus cursos, palestras e livros j\u00e1 ajudei mais de 22 mil pessoas a melhorarem o poder de memoriza\u00e7\u00e3o e tamb\u00e9m a aumentar a reten\u00e7\u00e3o de informa\u00e7\u00e3o e agora quero ajudar voc\u00ea.<\/span><br><\/p>\n<p><span style=\"font-size: inherit; text-align: inherit; letter-spacing: -0.015em;\">Veja o v\u00eddeo acima at\u00e9 o final e comece aplicar ainda hoje em sua vida!<\/span><br><\/p>\t\t\t\t\t<\/div>\n\t\t\t\t\t\t<\/div>\n\t\t\t\t<\/div>\n\t\t\t\t\t\t<\/div>\n\t\t\t\t\t<\/div>\n\t\t<\/div>\n\t\t\t\t\t\t\t\t<\/div>\n\t\t\t\t\t<\/div>\n\t\t<\/section>\n\t\t\t\t<section class=\"elementor-section elementor-top-section elementor-element elementor-element-395ca2e7 elementor-section-boxed elementor-section-height-default elementor-section-height-default\" data-id=\"395ca2e7\" data-element_type=\"section\">\n\t\t\t\t\t\t<div class=\"elementor-container elementor-column-gap-default\">\n\t\t\t\t\t\t\t<div class=\"elementor-row\">\n\t\t\t\t\t<div class=\"elementor-column elementor-col-100 elementor-top-column elementor-element elementor-element-6ca7215\" data-id=\"6ca7215\" data-element_type=\"column\">\n\t\t\t<div class=\"elementor-column-wrap elementor-element-populated\">\n\t\t\t\t\t\t\t<div class=\"elementor-widget-wrap\">\n\t\t\t\t\t\t<div class=\"elementor-element elementor-element-62b347f elementor-shape-circle elementor-grid-0 e-grid-align-center elementor-widget elementor-widget-social-icons\" data-id=\"62b347f\" data-element_type=\"widget\" data-widget_type=\"social-icons.default\">\n\t\t\t\t<div class=\"elementor-widget-container\">\n\t\t\t\t\t<div class=\"elementor-social-icons-wrapper elementor-grid\">\n\t\t\t\t\t\t\t<span class=\"elementor-grid-item\">\n\t\t\t\t\t<a class=\"elementor-icon elementor-social-icon elementor-social-icon-facebook elementor-repeater-item-42b9a07\" href=\"https:\/\/www.facebook.com\/mapamentalorg\" target=\"_blank\">\n\t\t\t\t\t\t<span class=\"elementor-screen-only\">Facebook<\/span>\n\t\t\t\t\t\t<i class=\"fab fa-facebook\"><\/i>\t\t\t\t\t<\/a>\n\t\t\t\t<\/span>\n\t\t\t\t\t\t\t<span class=\"elementor-grid-item\">\n\t\t\t\t\t<a class=\"elementor-icon elementor-social-icon elementor-social-icon-youtube elementor-repeater-item-7627678\" href=\"https:\/\/www.youtube.com\/mapamentalorg\" target=\"_blank\">\n\t\t\t\t\t\t<span class=\"elementor-screen-only\">Youtube<\/span>\n\t\t\t\t\t\t<i class=\"fab fa-youtube\"><\/i>\t\t\t\t\t<\/a>\n\t\t\t\t<\/span>\n\t\t\t\t\t\t\t<span class=\"elementor-grid-item\">\n\t\t\t\t\t<a class=\"elementor-icon elementor-social-icon elementor-social-icon-instagram elementor-repeater-item-5ca6475\" href=\"https:\/\/www.instagram.com\/filipeiorio\" target=\"_blank\">\n\t\t\t\t\t\t<span class=\"elementor-screen-only\">Instagram<\/span>\n\t\t\t\t\t\t<i class=\"fab fa-instagram\"><\/i>\t\t\t\t\t<\/a>\n\t\t\t\t<\/span>\n\t\t\t\t\t<\/div>\n\t\t\t\t<\/div>\n\t\t\t\t<\/div>\n\t\t\t\t<div class=\"elementor-element elementor-element-71307189 elementor-widget elementor-widget-html\" data-id=\"71307189\" data-element_type=\"widget\" data-widget_type=\"html.default\">\n\t\t\t\t<div class=\"elementor-widget-container\">\n\t\t\t<!-- google analytic -->\r\n\t<script>\r\n\t  (function(i,s,o,g,r,a,m){i['GoogleAnalyticsObject']=r;i[r]=i[r]||function(){\r\n\t  (i[r].q=i[r].q||[]).push(arguments)},i[r].l=1*new Date();a=s.createElement(o),\r\n\t  m=s.getElementsByTagName(o)[0];a.async=1;a.src=g;m.parentNode.insertBefore(a,m)\r\n\t  })(window,document,'script','\/\/www.google-analytics.com\/analytics.js','ga');\r\n\t\r\n\t  ga('create', 'UA-58946165-1', 'auto');\r\n\t  ga('send', 'pageview');\r\n\t\r\n\t<\/script>\r\n    \r\n\t<!-- Facebook Pixel Code 24\/02\/20 -->\r\n\t<script>\r\n      !function(f,b,e,v,n,t,s)\r\n      {if(f.fbq)return;n=f.fbq=function(){n.callMethod?\r\n      n.callMethod.apply(n,arguments):n.queue.push(arguments)};\r\n      if(!f._fbq)f._fbq=n;n.push=n;n.loaded=!0;n.version='2.0';\r\n      n.queue=[];t=b.createElement(e);t.async=!0;\r\n      t.src=v;s=b.getElementsByTagName(e)[0];\r\n      s.parentNode.insertBefore(t,s)}(window, document,'script',\r\n      'https:\/\/connect.facebook.net\/en_US\/fbevents.js');\r\n      fbq('init', '1835567919908244');\r\n      fbq('track', 'PageView');\r\n    <\/script>\r\n    <noscript><img height=\"1\" width=\"1\" style=\"display:none\"\r\n      src=\"https:\/\/www.facebook.com\/tr?id=1835567919908244&ev=PageView&noscript=1\"\r\n    \/><\/noscript>\r\n    <!-- End Facebook Pixel Code -->\r\n    \r\n    \r\n    <!-- Global site tag (gtag.js) - AdWords: 959169994 -->\r\n\t<script async src=\"https:\/\/www.googletagmanager.com\/gtag\/js?id=AW-959169994\"><\/script>\r\n    <script>\r\n      window.dataLayer = window.dataLayer || [];\r\n      function gtag(){dataLayer.push(arguments);}\r\n      gtag('js', new Date());\r\n    \r\n      gtag('config', 'AW-959169994');\r\n    <\/script>\r\n\t\t<\/div>\n\t\t\t\t<\/div>\n\t\t\t\t\t\t<\/div>\n\t\t\t\t\t<\/div>\n\t\t<\/div>\n\t\t\t\t\t\t\t\t<\/div>\n\t\t\t\t\t<\/div>\n\t\t<\/section>\n\t\t\t\t\t\t<\/div>\n\t\t\t\t\t\t<\/div>\n\t\t\t\t\t<\/div>\n\t\t","protected":false},"excerpt":{"rendered":"<p>Como Memorizar Tudo que Ler e Estudar BAIXAR E-BOOK GRATUITO CONHECER O CURSO MEMORIZA\u00c7\u00c3O COM MAPA MENTAL Prof. Filipe Iorio Fundador do MapaMental.org e Especialista em Aprendizagem e Produtividade. Com meus cursos, palestras e livros j\u00e1 ajudei mais de 22 mil pessoas a melhorarem o poder de memoriza\u00e7\u00e3o e tamb\u00e9m a aumentar a reten\u00e7\u00e3o de [&hellip;]<\/p>\n","protected":false},"author":1,"featured_media":0,"parent":0,"menu_order":705,"comment_status":"closed","ping_status":"closed","template":"elementor_canvas","meta":[],"yoast_head":"<!-- This site is optimized with the Yoast SEO plugin v17.8 - https:\/\/yoast.com\/wordpress\/plugins\/seo\/ -->\n<title>V\u00eddeo - Memorize tudo que ler e estudar - www.filipeiorio.com.br<\/title>\n<meta name=\"robots\" content=\"index, follow, max-snippet:-1, max-image-preview:large, max-video-preview:-1\" \/>\n<link rel=\"canonical\" href=\"https:\/\/filipeiorio.com.br\/lp\/video-memorize-tudo-que-ler-e-estudar\/\" \/>\n<meta property=\"og:locale\" content=\"pt_BR\" \/>\n<meta property=\"og:type\" content=\"article\" \/>\n<meta property=\"og:title\" content=\"V\u00eddeo - Memorize tudo que ler e estudar - www.filipeiorio.com.br\" \/>\n<meta property=\"og:description\" content=\"Como Memorizar Tudo que Ler e Estudar BAIXAR E-BOOK GRATUITO CONHECER O CURSO MEMORIZA\u00c7\u00c3O COM MAPA MENTAL Prof. Filipe Iorio Fundador do MapaMental.org e Especialista em Aprendizagem e Produtividade. Com meus cursos, palestras e livros j\u00e1 ajudei mais de 22 mil pessoas a melhorarem o poder de memoriza\u00e7\u00e3o e tamb\u00e9m a aumentar a reten\u00e7\u00e3o de [&hellip;]\" \/>\n<meta property=\"og:url\" content=\"https:\/\/filipeiorio.com.br\/lp\/video-memorize-tudo-que-ler-e-estudar\/\" \/>\n<meta property=\"og:site_name\" content=\"www.filipeiorio.com.br\" \/>\n<meta property=\"article:modified_time\" content=\"2021-08-01T17:03:31+00:00\" \/>\n<meta property=\"og:image\" content=\"https:\/\/filipeiorio.com.br\/lp\/wp-content\/uploads\/2021\/01\/foto-filipe.png\" \/>\n<meta name=\"twitter:card\" content=\"summary_large_image\" \/>\n<script type=\"application\/ld+json\" class=\"yoast-schema-graph\">{\"@context\":\"https:\/\/schema.org\",\"@graph\":[{\"@type\":\"WebSite\",\"@id\":\"https:\/\/filipeiorio.com.br\/lp\/#website\",\"url\":\"https:\/\/filipeiorio.com.br\/lp\/\",\"name\":\"www.filipeiorio.com.br\",\"description\":\"Just another WordPress site\",\"potentialAction\":[{\"@type\":\"SearchAction\",\"target\":{\"@type\":\"EntryPoint\",\"urlTemplate\":\"https:\/\/filipeiorio.com.br\/lp\/?s={search_term_string}\"},\"query-input\":\"required name=search_term_string\"}],\"inLanguage\":\"pt-BR\"},{\"@type\":\"ImageObject\",\"@id\":\"https:\/\/filipeiorio.com.br\/lp\/video-memorize-tudo-que-ler-e-estudar\/#primaryimage\",\"inLanguage\":\"pt-BR\",\"url\":\"https:\/\/filipeiorio.com.br\/lp\/wp-content\/uploads\/2021\/01\/foto-filipe.png\",\"contentUrl\":\"https:\/\/filipeiorio.com.br\/lp\/wp-content\/uploads\/2021\/01\/foto-filipe.png\",\"width\":350,\"height\":350},{\"@type\":\"WebPage\",\"@id\":\"https:\/\/filipeiorio.com.br\/lp\/video-memorize-tudo-que-ler-e-estudar\/#webpage\",\"url\":\"https:\/\/filipeiorio.com.br\/lp\/video-memorize-tudo-que-ler-e-estudar\/\",\"name\":\"V\\u00eddeo - Memorize tudo que ler e estudar - www.filipeiorio.com.br\",\"isPartOf\":{\"@id\":\"https:\/\/filipeiorio.com.br\/lp\/#website\"},\"primaryImageOfPage\":{\"@id\":\"https:\/\/filipeiorio.com.br\/lp\/video-memorize-tudo-que-ler-e-estudar\/#primaryimage\"},\"datePublished\":\"2021-01-28T21:35:15+00:00\",\"dateModified\":\"2021-08-01T17:03:31+00:00\",\"breadcrumb\":{\"@id\":\"https:\/\/filipeiorio.com.br\/lp\/video-memorize-tudo-que-ler-e-estudar\/#breadcrumb\"},\"inLanguage\":\"pt-BR\",\"potentialAction\":[{\"@type\":\"ReadAction\",\"target\":[\"https:\/\/filipeiorio.com.br\/lp\/video-memorize-tudo-que-ler-e-estudar\/\"]}]},{\"@type\":\"BreadcrumbList\",\"@id\":\"https:\/\/filipeiorio.com.br\/lp\/video-memorize-tudo-que-ler-e-estudar\/#breadcrumb\",\"itemListElement\":[{\"@type\":\"ListItem\",\"position\":1,\"name\":\"In\\u00edcio\",\"item\":\"https:\/\/filipeiorio.com.br\/lp\/\"},{\"@type\":\"ListItem\",\"position\":2,\"name\":\"V\\u00eddeo &#8211; Memorize tudo que ler e estudar\"}]}]}<\/script>\n<!-- \/ Yoast SEO plugin. -->","yoast_head_json":{"title":"V\u00eddeo - Memorize tudo que ler e estudar - www.filipeiorio.com.br","robots":{"index":"index","follow":"follow","max-snippet":"max-snippet:-1","max-image-preview":"max-image-preview:large","max-video-preview":"max-video-preview:-1"},"canonical":"https:\/\/filipeiorio.com.br\/lp\/video-memorize-tudo-que-ler-e-estudar\/","og_locale":"pt_BR","og_type":"article","og_title":"V\u00eddeo - Memorize tudo que ler e estudar - www.filipeiorio.com.br","og_description":"Como Memorizar Tudo que Ler e Estudar BAIXAR E-BOOK GRATUITO CONHECER O CURSO MEMORIZA\u00c7\u00c3O COM MAPA MENTAL Prof. Filipe Iorio Fundador do MapaMental.org e Especialista em Aprendizagem e Produtividade. Com meus cursos, palestras e livros j\u00e1 ajudei mais de 22 mil pessoas a melhorarem o poder de memoriza\u00e7\u00e3o e tamb\u00e9m a aumentar a reten\u00e7\u00e3o de [&hellip;]","og_url":"https:\/\/filipeiorio.com.br\/lp\/video-memorize-tudo-que-ler-e-estudar\/","og_site_name":"www.filipeiorio.com.br","article_modified_time":"2021-08-01T17:03:31+00:00","og_image":[{"url":"https:\/\/filipeiorio.com.br\/lp\/wp-content\/uploads\/2021\/01\/foto-filipe.png"}],"twitter_card":"summary_large_image","schema":{"@context":"https:\/\/schema.org","@graph":[{"@type":"WebSite","@id":"https:\/\/filipeiorio.com.br\/lp\/#website","url":"https:\/\/filipeiorio.com.br\/lp\/","name":"www.filipeiorio.com.br","description":"Just another WordPress site","potentialAction":[{"@type":"SearchAction","target":{"@type":"EntryPoint","urlTemplate":"https:\/\/filipeiorio.com.br\/lp\/?s={search_term_string}"},"query-input":"required name=search_term_string"}],"inLanguage":"pt-BR"},{"@type":"ImageObject","@id":"https:\/\/filipeiorio.com.br\/lp\/video-memorize-tudo-que-ler-e-estudar\/#primaryimage","inLanguage":"pt-BR","url":"https:\/\/filipeiorio.com.br\/lp\/wp-content\/uploads\/2021\/01\/foto-filipe.png","contentUrl":"https:\/\/filipeiorio.com.br\/lp\/wp-content\/uploads\/2021\/01\/foto-filipe.png","width":350,"height":350},{"@type":"WebPage","@id":"https:\/\/filipeiorio.com.br\/lp\/video-memorize-tudo-que-ler-e-estudar\/#webpage","url":"https:\/\/filipeiorio.com.br\/lp\/video-memorize-tudo-que-ler-e-estudar\/","name":"V\u00eddeo - Memorize tudo que ler e estudar - www.filipeiorio.com.br","isPartOf":{"@id":"https:\/\/filipeiorio.com.br\/lp\/#website"},"primaryImageOfPage":{"@id":"https:\/\/filipeiorio.com.br\/lp\/video-memorize-tudo-que-ler-e-estudar\/#primaryimage"},"datePublished":"2021-01-28T21:35:15+00:00","dateModified":"2021-08-01T17:03:31+00:00","breadcrumb":{"@id":"https:\/\/filipeiorio.com.br\/lp\/video-memorize-tudo-que-ler-e-estudar\/#breadcrumb"},"inLanguage":"pt-BR","potentialAction":[{"@type":"ReadAction","target":["https:\/\/filipeiorio.com.br\/lp\/video-memorize-tudo-que-ler-e-estudar\/"]}]},{"@type":"BreadcrumbList","@id":"https:\/\/filipeiorio.com.br\/lp\/video-memorize-tudo-que-ler-e-estudar\/#breadcrumb","itemListElement":[{"@type":"ListItem","position":1,"name":"In\u00edcio","item":"https:\/\/filipeiorio.com.br\/lp\/"},{"@type":"ListItem","position":2,"name":"V\u00eddeo &#8211; Memorize tudo que ler e estudar"}]}]}},"_links":{"self":[{"href":"https:\/\/filipeiorio.com.br\/lp\/wp-json\/wp\/v2\/pages\/304"}],"collection":[{"href":"https:\/\/filipeiorio.com.br\/lp\/wp-json\/wp\/v2\/pages"}],"about":[{"href":"https:\/\/filipeiorio.com.br\/lp\/wp-json\/wp\/v2\/types\/page"}],"author":[{"embeddable":true,"href":"https:\/\/filipeiorio.com.br\/lp\/wp-json\/wp\/v2\/users\/1"}],"replies":[{"embeddable":true,"href":"https:\/\/filipeiorio.com.br\/lp\/wp-json\/wp\/v2\/comments?post=304"}],"version-history":[{"count":4,"href":"https:\/\/filipeiorio.com.br\/lp\/wp-json\/wp\/v2\/pages\/304\/revisions"}],"predecessor-version":[{"id":308,"href":"https:\/\/filipeiorio.com.br\/lp\/wp-json\/wp\/v2\/pages\/304\/revisions\/308"}],"wp:attachment":[{"href":"https:\/\/filipeiorio.com.br\/lp\/wp-json\/wp\/v2\/media?parent=304"}],"curies":[{"name":"wp","href":"https:\/\/api.w.org\/{rel}","templated":true}]}}