{"id":1445,"date":"2021-07-06T18:45:52","date_gmt":"2021-07-06T21:45:52","guid":{"rendered":"https:\/\/filipeiorio.com.br\/lp\/?page_id=1445"},"modified":"2021-08-01T14:02:00","modified_gmt":"2021-08-01T17:02:00","slug":"ebook-poder-mapas-mentais","status":"publish","type":"page","link":"https:\/\/filipeiorio.com.br\/lp\/ebook-poder-mapas-mentais\/","title":{"rendered":"Ebook &#8211; Poder dos Mapas Mentais"},"content":{"rendered":"\t\t<div data-elementor-type=\"wp-page\" data-elementor-id=\"1445\" class=\"elementor elementor-1445\" data-elementor-settings=\"[]\">\n\t\t\t\t\t\t<div class=\"elementor-inner\">\n\t\t\t\t\t\t\t<div class=\"elementor-section-wrap\">\n\t\t\t\t\t\t\t<section class=\"elementor-section elementor-top-section elementor-element elementor-element-667cc2f2 elementor-section-content-middle elementor-section-boxed elementor-section-height-default elementor-section-height-default\" data-id=\"667cc2f2\" data-element_type=\"section\" data-settings=\"{&quot;background_background&quot;:&quot;classic&quot;}\">\n\t\t\t\t\t\t<div class=\"elementor-container elementor-column-gap-default\">\n\t\t\t\t\t\t\t<div class=\"elementor-row\">\n\t\t\t\t\t<div class=\"elementor-column elementor-col-50 elementor-top-column elementor-element elementor-element-36ffa625\" data-id=\"36ffa625\" data-element_type=\"column\">\n\t\t\t<div class=\"elementor-column-wrap elementor-element-populated\">\n\t\t\t\t\t\t\t<div class=\"elementor-widget-wrap\">\n\t\t\t\t\t\t<div class=\"elementor-element elementor-element-36889f34 elementor-widget elementor-widget-heading\" data-id=\"36889f34\" data-element_type=\"widget\" data-widget_type=\"heading.default\">\n\t\t\t\t<div class=\"elementor-widget-container\">\n\t\t\t<h2 class=\"elementor-heading-title elementor-size-default\">Livro Online Gratuito<\/h2>\t\t<\/div>\n\t\t\t\t<\/div>\n\t\t\t\t<div class=\"elementor-element elementor-element-40e66ac3 elementor-widget elementor-widget-heading\" data-id=\"40e66ac3\" data-element_type=\"widget\" data-settings=\"{&quot;_animation&quot;:&quot;none&quot;}\" data-widget_type=\"heading.default\">\n\t\t\t\t<div class=\"elementor-widget-container\">\n\t\t\t<h1 class=\"elementor-heading-title elementor-size-xl\">O PODER DOS MAPAS MENTAIS<\/h1>\t\t<\/div>\n\t\t\t\t<\/div>\n\t\t\t\t<div class=\"elementor-element elementor-element-5986b2b5 elementor-widget elementor-widget-heading\" data-id=\"5986b2b5\" data-element_type=\"widget\" data-widget_type=\"heading.default\">\n\t\t\t\t<div class=\"elementor-widget-container\">\n\t\t\t<p class=\"elementor-heading-title elementor-size-default\">Como aumentar o n\u00edvel de aprendizado, estudar melhor e memorizar de forma eficiente com mapas mentais.<\/p>\t\t<\/div>\n\t\t\t\t<\/div>\n\t\t\t\t<div class=\"elementor-element elementor-element-a2d3495 elementor-button-success elementor-align-left elementor-widget elementor-widget-button\" data-id=\"a2d3495\" data-element_type=\"widget\" data-widget_type=\"button.default\">\n\t\t\t\t<div class=\"elementor-widget-container\">\n\t\t\t\t\t<div class=\"elementor-button-wrapper\">\n\t\t\t<a href=\"#elementor-action%3Aaction%3Dpopup%3Aopen%26settings%3DeyJpZCI6IjE0NjUiLCJ0b2dnbGUiOmZhbHNlfQ%3D%3D\" class=\"elementor-button-link elementor-button elementor-size-xl elementor-animation-grow\" role=\"button\">\n\t\t\t\t\t\t<span class=\"elementor-button-content-wrapper\">\n\t\t\t\t\t\t<span class=\"elementor-button-icon elementor-align-icon-left\">\n\t\t\t\t<i aria-hidden=\"true\" class=\"fas fa-book\"><\/i>\t\t\t<\/span>\n\t\t\t\t\t\t<span class=\"elementor-button-text\">SIM! QUERO RECEBER O LIVRO GRATUITO<\/span>\n\t\t<\/span>\n\t\t\t\t\t<\/a>\n\t\t<\/div>\n\t\t\t\t<\/div>\n\t\t\t\t<\/div>\n\t\t\t\t\t\t<\/div>\n\t\t\t\t\t<\/div>\n\t\t<\/div>\n\t\t\t\t<div class=\"elementor-column elementor-col-50 elementor-top-column elementor-element elementor-element-7c7815e8\" data-id=\"7c7815e8\" data-element_type=\"column\">\n\t\t\t<div class=\"elementor-column-wrap elementor-element-populated\">\n\t\t\t\t\t\t\t<div class=\"elementor-widget-wrap\">\n\t\t\t\t\t\t<div class=\"elementor-element elementor-element-5dec7bc4 elementor-widget elementor-widget-image\" data-id=\"5dec7bc4\" data-element_type=\"widget\" data-widget_type=\"image.default\">\n\t\t\t\t<div class=\"elementor-widget-container\">\n\t\t\t\t\t\t\t\t<div class=\"elementor-image\">\n\t\t\t\t\t\t\t\t\t\t\t\t<img src=\"https:\/\/filipeiorio.com.br\/lp\/wp-content\/uploads\/elementor\/thumbs\/ebook-poder-mapas-mentais-p9qb8fndsabeqin6cwu26mqicbcnv50lit2knyiqjc.png\" title=\"ebook-poder-mapas-mentais\" alt=\"ebook-poder-mapas-mentais\" \/>\t\t\t\t\t\t\t\t\t\t\t\t\t\t<\/div>\n\t\t\t\t\t\t<\/div>\n\t\t\t\t<\/div>\n\t\t\t\t\t\t<\/div>\n\t\t\t\t\t<\/div>\n\t\t<\/div>\n\t\t\t\t\t\t\t\t<\/div>\n\t\t\t\t\t<\/div>\n\t\t<\/section>\n\t\t\t\t<section class=\"elementor-section elementor-top-section elementor-element elementor-element-94907fb elementor-section-boxed elementor-section-height-default elementor-section-height-default\" data-id=\"94907fb\" data-element_type=\"section\">\n\t\t\t\t\t\t<div class=\"elementor-container elementor-column-gap-default\">\n\t\t\t\t\t\t\t<div class=\"elementor-row\">\n\t\t\t\t\t<div class=\"elementor-column elementor-col-100 elementor-top-column elementor-element elementor-element-56767e71\" data-id=\"56767e71\" data-element_type=\"column\">\n\t\t\t<div class=\"elementor-column-wrap elementor-element-populated\">\n\t\t\t\t\t\t\t<div class=\"elementor-widget-wrap\">\n\t\t\t\t\t\t<div class=\"elementor-element elementor-element-7625e9d9 elementor-widget elementor-widget-heading\" data-id=\"7625e9d9\" data-element_type=\"widget\" data-widget_type=\"heading.default\">\n\t\t\t\t<div class=\"elementor-widget-container\">\n\t\t\t<h2 class=\"elementor-heading-title elementor-size-large\">Veja o que ir\u00e1 aprender com esse material:<\/h2>\t\t<\/div>\n\t\t\t\t<\/div>\n\t\t\t\t<section class=\"elementor-section elementor-inner-section elementor-element elementor-element-320ede86 elementor-section-content-middle elementor-section-boxed elementor-section-height-default elementor-section-height-default\" data-id=\"320ede86\" data-element_type=\"section\">\n\t\t\t\t\t\t<div class=\"elementor-container elementor-column-gap-default\">\n\t\t\t\t\t\t\t<div class=\"elementor-row\">\n\t\t\t\t\t<div class=\"elementor-column elementor-col-25 elementor-inner-column elementor-element elementor-element-71af7d12\" data-id=\"71af7d12\" data-element_type=\"column\">\n\t\t\t<div class=\"elementor-column-wrap elementor-element-populated\">\n\t\t\t\t\t\t\t<div class=\"elementor-widget-wrap\">\n\t\t\t\t\t\t<div class=\"elementor-element elementor-element-15c8d109 elementor-widget elementor-widget-image\" data-id=\"15c8d109\" data-element_type=\"widget\" data-widget_type=\"image.default\">\n\t\t\t\t<div class=\"elementor-widget-container\">\n\t\t\t\t\t\t\t\t<div class=\"elementor-image\">\n\t\t\t\t\t\t\t\t\t\t\t\t<img src=\"https:\/\/filipeiorio.com.br\/lp\/wp-content\/uploads\/elementor\/thumbs\/cerebro-icone-p9qgc9wxcibi4ipl97mbzdc1okh1trvul2dkjltip4.png\" title=\"cerebro-icone\" alt=\"cerebro-icone\" \/>\t\t\t\t\t\t\t\t\t\t\t\t\t\t<\/div>\n\t\t\t\t\t\t<\/div>\n\t\t\t\t<\/div>\n\t\t\t\t\t\t<\/div>\n\t\t\t\t\t<\/div>\n\t\t<\/div>\n\t\t\t\t<div class=\"elementor-column elementor-col-25 elementor-inner-column elementor-element elementor-element-1d596eab\" data-id=\"1d596eab\" data-element_type=\"column\">\n\t\t\t<div class=\"elementor-column-wrap elementor-element-populated\">\n\t\t\t\t\t\t\t<div class=\"elementor-widget-wrap\">\n\t\t\t\t\t\t<div class=\"elementor-element elementor-element-5cd450f7 elementor-widget elementor-widget-heading\" data-id=\"5cd450f7\" data-element_type=\"widget\" data-widget_type=\"heading.default\">\n\t\t\t\t<div class=\"elementor-widget-container\">\n\t\t\t<h3 class=\"elementor-heading-title elementor-size-default\">Memoriza\u00e7\u00e3o com Mapa Mental<\/h3>\t\t<\/div>\n\t\t\t\t<\/div>\n\t\t\t\t<div class=\"elementor-element elementor-element-35d9b4e3 elementor-widget elementor-widget-heading\" data-id=\"35d9b4e3\" data-element_type=\"widget\" data-widget_type=\"heading.default\">\n\t\t\t\t<div class=\"elementor-widget-container\">\n\t\t\t<p class=\"elementor-heading-title elementor-size-default\">Como os mapas mentais <b>interagem com o c\u00e9rebro<\/b> e por que ele pode ser a ferramenta que faltava para aumentar sua capacidade de memoriza\u00e7\u00e3o.<\/p>\t\t<\/div>\n\t\t\t\t<\/div>\n\t\t\t\t\t\t<\/div>\n\t\t\t\t\t<\/div>\n\t\t<\/div>\n\t\t\t\t<div class=\"elementor-column elementor-col-25 elementor-inner-column elementor-element elementor-element-28a3476d\" data-id=\"28a3476d\" data-element_type=\"column\">\n\t\t\t<div class=\"elementor-column-wrap elementor-element-populated\">\n\t\t\t\t\t\t\t<div class=\"elementor-widget-wrap\">\n\t\t\t\t\t\t<div class=\"elementor-element elementor-element-b5cfcee elementor-widget elementor-widget-image\" data-id=\"b5cfcee\" data-element_type=\"widget\" data-widget_type=\"image.default\">\n\t\t\t\t<div class=\"elementor-widget-container\">\n\t\t\t\t\t\t\t\t<div class=\"elementor-image\">\n\t\t\t\t\t\t\t\t\t\t\t\t<img src=\"https:\/\/filipeiorio.com.br\/lp\/wp-content\/uploads\/elementor\/thumbs\/cerebro-icone-p9qgc9wxcibi4ipl97mbzdc1okh1trvul2dkjltip4.png\" title=\"cerebro-icone\" alt=\"cerebro-icone\" \/>\t\t\t\t\t\t\t\t\t\t\t\t\t\t<\/div>\n\t\t\t\t\t\t<\/div>\n\t\t\t\t<\/div>\n\t\t\t\t\t\t<\/div>\n\t\t\t\t\t<\/div>\n\t\t<\/div>\n\t\t\t\t<div class=\"elementor-column elementor-col-25 elementor-inner-column elementor-element elementor-element-5345db3f\" data-id=\"5345db3f\" data-element_type=\"column\">\n\t\t\t<div class=\"elementor-column-wrap elementor-element-populated\">\n\t\t\t\t\t\t\t<div class=\"elementor-widget-wrap\">\n\t\t\t\t\t\t<div class=\"elementor-element elementor-element-6c1b9f8b elementor-widget elementor-widget-heading\" data-id=\"6c1b9f8b\" data-element_type=\"widget\" data-widget_type=\"heading.default\">\n\t\t\t\t<div class=\"elementor-widget-container\">\n\t\t\t<h3 class=\"elementor-heading-title elementor-size-default\">Descomplicando os Mapas Mentais<\/h3>\t\t<\/div>\n\t\t\t\t<\/div>\n\t\t\t\t<div class=\"elementor-element elementor-element-6c3af9da elementor-widget elementor-widget-heading\" data-id=\"6c3af9da\" data-element_type=\"widget\" data-widget_type=\"heading.default\">\n\t\t\t\t<div class=\"elementor-widget-container\">\n\t\t\t<p class=\"elementor-heading-title elementor-size-default\"><b>Exemplos reais<\/b> de como os mapas mentais podem mudar completamente a forma de aprender, estudar e memorizar qualquer conte\u00fado.<\/p>\t\t<\/div>\n\t\t\t\t<\/div>\n\t\t\t\t\t\t<\/div>\n\t\t\t\t\t<\/div>\n\t\t<\/div>\n\t\t\t\t\t\t\t\t<\/div>\n\t\t\t\t\t<\/div>\n\t\t<\/section>\n\t\t\t\t\t\t<\/div>\n\t\t\t\t\t<\/div>\n\t\t<\/div>\n\t\t\t\t\t\t\t\t<\/div>\n\t\t\t\t\t<\/div>\n\t\t<\/section>\n\t\t\t\t<section class=\"elementor-section elementor-top-section elementor-element elementor-element-443c9051 elementor-section-boxed elementor-section-height-default elementor-section-height-default\" data-id=\"443c9051\" data-element_type=\"section\" data-settings=\"{&quot;background_background&quot;:&quot;classic&quot;}\">\n\t\t\t\t\t\t<div class=\"elementor-container elementor-column-gap-default\">\n\t\t\t\t\t\t\t<div class=\"elementor-row\">\n\t\t\t\t\t<div class=\"elementor-column elementor-col-100 elementor-top-column elementor-element elementor-element-4e509fca\" data-id=\"4e509fca\" data-element_type=\"column\">\n\t\t\t<div class=\"elementor-column-wrap elementor-element-populated\">\n\t\t\t\t\t\t\t<div class=\"elementor-widget-wrap\">\n\t\t\t\t\t\t<section class=\"elementor-section elementor-inner-section elementor-element elementor-element-51542e98 elementor-section-content-middle elementor-section-boxed elementor-section-height-default elementor-section-height-default\" data-id=\"51542e98\" data-element_type=\"section\">\n\t\t\t\t\t\t<div class=\"elementor-container elementor-column-gap-default\">\n\t\t\t\t\t\t\t<div class=\"elementor-row\">\n\t\t\t\t\t<div class=\"elementor-column elementor-col-50 elementor-inner-column elementor-element elementor-element-36e3deda\" data-id=\"36e3deda\" data-element_type=\"column\">\n\t\t\t<div class=\"elementor-column-wrap elementor-element-populated\">\n\t\t\t\t\t\t\t<div class=\"elementor-widget-wrap\">\n\t\t\t\t\t\t<div class=\"elementor-element elementor-element-78a8338f elementor-widget elementor-widget-heading\" data-id=\"78a8338f\" data-element_type=\"widget\" data-widget_type=\"heading.default\">\n\t\t\t\t<div class=\"elementor-widget-container\">\n\t\t\t<h2 class=\"elementor-heading-title elementor-size-xl\">Prof. Filipe Iorio<\/h2>\t\t<\/div>\n\t\t\t\t<\/div>\n\t\t\t\t<div class=\"elementor-element elementor-element-1ecd52c2 elementor-widget elementor-widget-heading\" data-id=\"1ecd52c2\" data-element_type=\"widget\" data-widget_type=\"heading.default\">\n\t\t\t\t<div class=\"elementor-widget-container\">\n\t\t\t<p class=\"elementor-heading-title elementor-size-medium\">Especialista em Alta Performance Mental.<br><br>Atualmente, com seus cursos, palestras e livros, j\u00e1 ajudou mais de <b>24.782 alunos <\/b><span style=\"letter-spacing: -0.27px; white-space: normal;\">a desenvolverem o poder de<b> aprendizado, foco e produtividade<\/b>.<\/span><br><br>\u00c9 fundador do MapaMental.org, um dos maiores portais sobre mapa mental e aprendizagem do Brasil, com <b>mais de 2 milh\u00f5es de acessos.<\/b><br><br>P\u00f3s-graduando em <b>Neuroci\u00eancias e Comportamento<\/b>, h\u00e1 mais de 10 anos vem reunindo conhecimentos de grandes mentes no assunto e pesquisando t\u00e9cnicas de alta performance mental.<\/p>\t\t<\/div>\n\t\t\t\t<\/div>\n\t\t\t\t<div class=\"elementor-element elementor-element-6c2b860b elementor-widget elementor-widget-image\" data-id=\"6c2b860b\" data-element_type=\"widget\" data-widget_type=\"image.default\">\n\t\t\t\t<div class=\"elementor-widget-container\">\n\t\t\t\t\t\t\t\t<div class=\"elementor-image\">\n\t\t\t\t\t\t\t\t\t\t\t\t<img src=\"https:\/\/filipeiorio.com.br\/lp\/wp-content\/uploads\/elementor\/thumbs\/filipe-iorio-assi-opd5p6yn46pxak394natc53x50vf1il033b4m6tg06.png\" title=\"filipe-iorio-assi\" alt=\"filipe-iorio-assi\" \/>\t\t\t\t\t\t\t\t\t\t\t\t\t\t<\/div>\n\t\t\t\t\t\t<\/div>\n\t\t\t\t<\/div>\n\t\t\t\t\t\t<\/div>\n\t\t\t\t\t<\/div>\n\t\t<\/div>\n\t\t\t\t<div class=\"elementor-column elementor-col-50 elementor-inner-column elementor-element elementor-element-5824e882\" data-id=\"5824e882\" data-element_type=\"column\">\n\t\t\t<div class=\"elementor-column-wrap elementor-element-populated\">\n\t\t\t\t\t\t\t<div class=\"elementor-widget-wrap\">\n\t\t\t\t\t\t<div class=\"elementor-element elementor-element-702c49f2 elementor-widget elementor-widget-image\" data-id=\"702c49f2\" data-element_type=\"widget\" data-widget_type=\"image.default\">\n\t\t\t\t<div class=\"elementor-widget-container\">\n\t\t\t\t\t\t\t\t<div class=\"elementor-image\">\n\t\t\t\t\t\t\t\t\t\t\t\t<img src=\"https:\/\/filipeiorio.com.br\/lp\/wp-content\/uploads\/elementor\/thumbs\/foto-filipe-iorio-opd5m188dhjv2q2qx6c7424896zlhh7dqcwsw5qhok.png\" title=\"foto-filipe-iorio\" alt=\"foto-filipe-iorio\" \/>\t\t\t\t\t\t\t\t\t\t\t\t\t\t<\/div>\n\t\t\t\t\t\t<\/div>\n\t\t\t\t<\/div>\n\t\t\t\t\t\t<\/div>\n\t\t\t\t\t<\/div>\n\t\t<\/div>\n\t\t\t\t\t\t\t\t<\/div>\n\t\t\t\t\t<\/div>\n\t\t<\/section>\n\t\t\t\t\t\t<\/div>\n\t\t\t\t\t<\/div>\n\t\t<\/div>\n\t\t\t\t\t\t\t\t<\/div>\n\t\t\t\t\t<\/div>\n\t\t<\/section>\n\t\t\t\t<section class=\"elementor-section elementor-top-section elementor-element elementor-element-61df116e elementor-section-content-middle elementor-section-boxed elementor-section-height-default elementor-section-height-default\" data-id=\"61df116e\" data-element_type=\"section\" data-settings=\"{&quot;background_background&quot;:&quot;classic&quot;}\">\n\t\t\t\t\t\t<div class=\"elementor-container elementor-column-gap-default\">\n\t\t\t\t\t\t\t<div class=\"elementor-row\">\n\t\t\t\t\t<div class=\"elementor-column elementor-col-50 elementor-top-column elementor-element elementor-element-1b6dee4a\" data-id=\"1b6dee4a\" data-element_type=\"column\">\n\t\t\t<div class=\"elementor-column-wrap elementor-element-populated\">\n\t\t\t\t\t\t\t<div class=\"elementor-widget-wrap\">\n\t\t\t\t\t\t<div class=\"elementor-element elementor-element-57db8bfa elementor-widget elementor-widget-heading\" data-id=\"57db8bfa\" data-element_type=\"widget\" data-widget_type=\"heading.default\">\n\t\t\t\t<div class=\"elementor-widget-container\">\n\t\t\t<h2 class=\"elementor-heading-title elementor-size-xl\">E-BOOK: O PODER DOS MAPAS MENTAIS<\/h2>\t\t<\/div>\n\t\t\t\t<\/div>\n\t\t\t\t\t\t<\/div>\n\t\t\t\t\t<\/div>\n\t\t<\/div>\n\t\t\t\t<div class=\"elementor-column elementor-col-50 elementor-top-column elementor-element elementor-element-501b2c68\" data-id=\"501b2c68\" data-element_type=\"column\">\n\t\t\t<div class=\"elementor-column-wrap elementor-element-populated\">\n\t\t\t\t\t\t\t<div class=\"elementor-widget-wrap\">\n\t\t\t\t\t\t<div class=\"elementor-element elementor-element-6362f50 elementor-align-justify elementor-widget elementor-widget-button\" data-id=\"6362f50\" data-element_type=\"widget\" data-widget_type=\"button.default\">\n\t\t\t\t<div class=\"elementor-widget-container\">\n\t\t\t\t\t<div class=\"elementor-button-wrapper\">\n\t\t\t<a href=\"#elementor-action%3Aaction%3Dpopup%3Aopen%26settings%3DeyJpZCI6IjE0NjUiLCJ0b2dnbGUiOmZhbHNlfQ%3D%3D\" class=\"elementor-button-link elementor-button elementor-size-lg\" role=\"button\">\n\t\t\t\t\t\t<span class=\"elementor-button-content-wrapper\">\n\t\t\t\t\t\t<span class=\"elementor-button-text\">Sim! Quero receber o e-book<\/span>\n\t\t<\/span>\n\t\t\t\t\t<\/a>\n\t\t<\/div>\n\t\t\t\t<\/div>\n\t\t\t\t<\/div>\n\t\t\t\t\t\t<\/div>\n\t\t\t\t\t<\/div>\n\t\t<\/div>\n\t\t\t\t\t\t\t\t<\/div>\n\t\t\t\t\t<\/div>\n\t\t<\/section>\n\t\t\t\t\t\t<\/div>\n\t\t\t\t\t\t<\/div>\n\t\t\t\t\t<\/div>\n\t\t","protected":false},"excerpt":{"rendered":"<p>Livro Online Gratuito O PODER DOS MAPAS MENTAIS Como aumentar o n\u00edvel de aprendizado, estudar melhor e memorizar de forma eficiente com mapas mentais. SIM! QUERO RECEBER O LIVRO GRATUITO Veja o que ir\u00e1 aprender com esse material: Memoriza\u00e7\u00e3o com Mapa Mental Como os mapas mentais interagem com o c\u00e9rebro e por que ele pode [&hellip;]<\/p>\n","protected":false},"author":1,"featured_media":1484,"parent":0,"menu_order":302,"comment_status":"closed","ping_status":"closed","template":"elementor_canvas","meta":[],"yoast_head":"<!-- This site is optimized with the Yoast SEO plugin v17.8 - https:\/\/yoast.com\/wordpress\/plugins\/seo\/ -->\n<title>Ebook - Poder dos Mapas Mentais - www.filipeiorio.com.br<\/title>\n<meta name=\"robots\" content=\"index, follow, max-snippet:-1, max-image-preview:large, max-video-preview:-1\" \/>\n<link rel=\"canonical\" href=\"https:\/\/filipeiorio.com.br\/lp\/ebook-poder-mapas-mentais\/\" \/>\n<meta property=\"og:locale\" content=\"pt_BR\" \/>\n<meta property=\"og:type\" content=\"article\" \/>\n<meta property=\"og:title\" content=\"Livro Gratuito: O Poder dos Mapas Mentais\" \/>\n<meta property=\"og:description\" content=\"Como aumentar o n\u00edvel de aprendizado, estudar melhor e memorizar de forma eficiente com mapas mentais.\" \/>\n<meta property=\"og:url\" content=\"https:\/\/filipeiorio.com.br\/lp\/ebook-poder-mapas-mentais\/\" \/>\n<meta property=\"og:site_name\" content=\"www.filipeiorio.com.br\" \/>\n<meta property=\"article:modified_time\" content=\"2021-08-01T17:02:00+00:00\" \/>\n<meta property=\"og:image\" content=\"https:\/\/filipeiorio.com.br\/lp\/wp-content\/uploads\/2021\/07\/ebook-insta-e1625603937121.png\" \/>\n\t<meta property=\"og:image:width\" content=\"1000\" \/>\n\t<meta property=\"og:image:height\" content=\"615\" \/>\n<meta name=\"twitter:card\" content=\"summary_large_image\" \/>\n<meta name=\"twitter:label1\" content=\"Est. tempo de leitura\" \/>\n\t<meta name=\"twitter:data1\" content=\"2 minutos\" \/>\n<script type=\"application\/ld+json\" class=\"yoast-schema-graph\">{\"@context\":\"https:\/\/schema.org\",\"@graph\":[{\"@type\":\"WebSite\",\"@id\":\"https:\/\/filipeiorio.com.br\/lp\/#website\",\"url\":\"https:\/\/filipeiorio.com.br\/lp\/\",\"name\":\"www.filipeiorio.com.br\",\"description\":\"Just another WordPress site\",\"potentialAction\":[{\"@type\":\"SearchAction\",\"target\":{\"@type\":\"EntryPoint\",\"urlTemplate\":\"https:\/\/filipeiorio.com.br\/lp\/?s={search_term_string}\"},\"query-input\":\"required name=search_term_string\"}],\"inLanguage\":\"pt-BR\"},{\"@type\":\"ImageObject\",\"@id\":\"https:\/\/filipeiorio.com.br\/lp\/ebook-poder-mapas-mentais\/#primaryimage\",\"inLanguage\":\"pt-BR\",\"url\":\"https:\/\/filipeiorio.com.br\/lp\/wp-content\/uploads\/2021\/07\/ebook-insta-e1625603937121.png\",\"contentUrl\":\"https:\/\/filipeiorio.com.br\/lp\/wp-content\/uploads\/2021\/07\/ebook-insta-e1625603937121.png\",\"width\":1000,\"height\":615},{\"@type\":\"WebPage\",\"@id\":\"https:\/\/filipeiorio.com.br\/lp\/ebook-poder-mapas-mentais\/#webpage\",\"url\":\"https:\/\/filipeiorio.com.br\/lp\/ebook-poder-mapas-mentais\/\",\"name\":\"Ebook - Poder dos Mapas Mentais - www.filipeiorio.com.br\",\"isPartOf\":{\"@id\":\"https:\/\/filipeiorio.com.br\/lp\/#website\"},\"primaryImageOfPage\":{\"@id\":\"https:\/\/filipeiorio.com.br\/lp\/ebook-poder-mapas-mentais\/#primaryimage\"},\"datePublished\":\"2021-07-06T21:45:52+00:00\",\"dateModified\":\"2021-08-01T17:02:00+00:00\",\"breadcrumb\":{\"@id\":\"https:\/\/filipeiorio.com.br\/lp\/ebook-poder-mapas-mentais\/#breadcrumb\"},\"inLanguage\":\"pt-BR\",\"potentialAction\":[{\"@type\":\"ReadAction\",\"target\":[\"https:\/\/filipeiorio.com.br\/lp\/ebook-poder-mapas-mentais\/\"]}]},{\"@type\":\"BreadcrumbList\",\"@id\":\"https:\/\/filipeiorio.com.br\/lp\/ebook-poder-mapas-mentais\/#breadcrumb\",\"itemListElement\":[{\"@type\":\"ListItem\",\"position\":1,\"name\":\"In\\u00edcio\",\"item\":\"https:\/\/filipeiorio.com.br\/lp\/\"},{\"@type\":\"ListItem\",\"position\":2,\"name\":\"Ebook &#8211; Poder dos Mapas Mentais\"}]}]}<\/script>\n<!-- \/ Yoast SEO plugin. -->","yoast_head_json":{"title":"Ebook - Poder dos Mapas Mentais - www.filipeiorio.com.br","robots":{"index":"index","follow":"follow","max-snippet":"max-snippet:-1","max-image-preview":"max-image-preview:large","max-video-preview":"max-video-preview:-1"},"canonical":"https:\/\/filipeiorio.com.br\/lp\/ebook-poder-mapas-mentais\/","og_locale":"pt_BR","og_type":"article","og_title":"Livro Gratuito: O Poder dos Mapas Mentais","og_description":"Como aumentar o n\u00edvel de aprendizado, estudar melhor e memorizar de forma eficiente com mapas mentais.","og_url":"https:\/\/filipeiorio.com.br\/lp\/ebook-poder-mapas-mentais\/","og_site_name":"www.filipeiorio.com.br","article_modified_time":"2021-08-01T17:02:00+00:00","og_image":[{"width":1000,"height":615,"url":"https:\/\/filipeiorio.com.br\/lp\/wp-content\/uploads\/2021\/07\/ebook-insta-e1625603937121.png","type":"image\/png"}],"twitter_card":"summary_large_image","twitter_misc":{"Est. tempo de leitura":"2 minutos"},"schema":{"@context":"https:\/\/schema.org","@graph":[{"@type":"WebSite","@id":"https:\/\/filipeiorio.com.br\/lp\/#website","url":"https:\/\/filipeiorio.com.br\/lp\/","name":"www.filipeiorio.com.br","description":"Just another WordPress site","potentialAction":[{"@type":"SearchAction","target":{"@type":"EntryPoint","urlTemplate":"https:\/\/filipeiorio.com.br\/lp\/?s={search_term_string}"},"query-input":"required name=search_term_string"}],"inLanguage":"pt-BR"},{"@type":"ImageObject","@id":"https:\/\/filipeiorio.com.br\/lp\/ebook-poder-mapas-mentais\/#primaryimage","inLanguage":"pt-BR","url":"https:\/\/filipeiorio.com.br\/lp\/wp-content\/uploads\/2021\/07\/ebook-insta-e1625603937121.png","contentUrl":"https:\/\/filipeiorio.com.br\/lp\/wp-content\/uploads\/2021\/07\/ebook-insta-e1625603937121.png","width":1000,"height":615},{"@type":"WebPage","@id":"https:\/\/filipeiorio.com.br\/lp\/ebook-poder-mapas-mentais\/#webpage","url":"https:\/\/filipeiorio.com.br\/lp\/ebook-poder-mapas-mentais\/","name":"Ebook - Poder dos Mapas Mentais - www.filipeiorio.com.br","isPartOf":{"@id":"https:\/\/filipeiorio.com.br\/lp\/#website"},"primaryImageOfPage":{"@id":"https:\/\/filipeiorio.com.br\/lp\/ebook-poder-mapas-mentais\/#primaryimage"},"datePublished":"2021-07-06T21:45:52+00:00","dateModified":"2021-08-01T17:02:00+00:00","breadcrumb":{"@id":"https:\/\/filipeiorio.com.br\/lp\/ebook-poder-mapas-mentais\/#breadcrumb"},"inLanguage":"pt-BR","potentialAction":[{"@type":"ReadAction","target":["https:\/\/filipeiorio.com.br\/lp\/ebook-poder-mapas-mentais\/"]}]},{"@type":"BreadcrumbList","@id":"https:\/\/filipeiorio.com.br\/lp\/ebook-poder-mapas-mentais\/#breadcrumb","itemListElement":[{"@type":"ListItem","position":1,"name":"In\u00edcio","item":"https:\/\/filipeiorio.com.br\/lp\/"},{"@type":"ListItem","position":2,"name":"Ebook &#8211; Poder dos Mapas Mentais"}]}]}},"_links":{"self":[{"href":"https:\/\/filipeiorio.com.br\/lp\/wp-json\/wp\/v2\/pages\/1445"}],"collection":[{"href":"https:\/\/filipeiorio.com.br\/lp\/wp-json\/wp\/v2\/pages"}],"about":[{"href":"https:\/\/filipeiorio.com.br\/lp\/wp-json\/wp\/v2\/types\/page"}],"author":[{"embeddable":true,"href":"https:\/\/filipeiorio.com.br\/lp\/wp-json\/wp\/v2\/users\/1"}],"replies":[{"embeddable":true,"href":"https:\/\/filipeiorio.com.br\/lp\/wp-json\/wp\/v2\/comments?post=1445"}],"version-history":[{"count":37,"href":"https:\/\/filipeiorio.com.br\/lp\/wp-json\/wp\/v2\/pages\/1445\/revisions"}],"predecessor-version":[{"id":1499,"href":"https:\/\/filipeiorio.com.br\/lp\/wp-json\/wp\/v2\/pages\/1445\/revisions\/1499"}],"wp:featuredmedia":[{"embeddable":true,"href":"https:\/\/filipeiorio.com.br\/lp\/wp-json\/wp\/v2\/media\/1484"}],"wp:attachment":[{"href":"https:\/\/filipeiorio.com.br\/lp\/wp-json\/wp\/v2\/media?parent=1445"}],"curies":[{"name":"wp","href":"https:\/\/api.w.org\/{rel}","templated":true}]}}